{"id":15311,"date":"2025-09-16T16:51:20","date_gmt":"2025-09-16T14:51:20","guid":{"rendered":"https:\/\/retroland-burkhi.de\/?post_type=product&#038;p=15311"},"modified":"2026-02-08T13:00:54","modified_gmt":"2026-02-08T12:00:54","slug":"wasserschlauch-kuehlerschlauch-schlauch-satz-4-stueck-uaz-motor-421-100ps","status":"publish","type":"product","link":"https:\/\/retroland-burkhi.de\/en\/product\/wasserschlauch-kuehlerschlauch-schlauch-satz-4-stueck-uaz-motor-421-100ps\/","title":{"rendered":"Water hose Radiator hose set 4 pieces UAZ engine 421 100PS"},"content":{"rendered":"<div align=\"center\"><em><strong><span style=\"color: #202020; font-size: xx-large;\">Radiator hoses 4 pieces<\/span><\/strong><\/em><\/div>\n<div align=\"center\"><em><strong><span style=\"font-size: xx-large;\"><span style=\"color: #202020;\"><span style=\"font-size: x-large;\"><br \/>\nUAZ Hunter Buchanka<\/span><\/span><\/span><\/strong><\/em><\/div>\n<div align=\"center\"><\/div>\n<div align=\"center\"><em><strong>Engine 421 with 120 hp<\/strong><\/em><\/div>","protected":false},"excerpt":{"rendered":"<p>K\u00fchlerschl\u00e4uchen 4 St\u00fcck UAZ Hunter Buchanka Motor 421 mit 120 PS<\/p>","protected":false},"featured_media":15312,"comment_status":"open","ping_status":"closed","template":"","meta":[],"product_brand":[],"product_cat":[15,1886,310],"product_tag":[],"class_list":{"0":"post-15311","1":"product","2":"type-product","3":"status-publish","4":"has-post-thumbnail","6":"product_cat-uncategorized","7":"product_cat-motorteile-uaz-469","8":"product_cat-uaz-469","9":"product_shipping_class-a","11":"first","12":"instock","13":"taxable","14":"shipping-taxable","15":"purchasable","16":"product-type-simple"},"_links":{"self":[{"href":"https:\/\/retroland-burkhi.de\/en\/wp-json\/wp\/v2\/product\/15311","targetHints":{"allow":["GET"]}}],"collection":[{"href":"https:\/\/retroland-burkhi.de\/en\/wp-json\/wp\/v2\/product"}],"about":[{"href":"https:\/\/retroland-burkhi.de\/en\/wp-json\/wp\/v2\/types\/product"}],"replies":[{"embeddable":true,"href":"https:\/\/retroland-burkhi.de\/en\/wp-json\/wp\/v2\/comments?post=15311"}],"wp:featuredmedia":[{"embeddable":true,"href":"https:\/\/retroland-burkhi.de\/en\/wp-json\/wp\/v2\/media\/15312"}],"wp:attachment":[{"href":"https:\/\/retroland-burkhi.de\/en\/wp-json\/wp\/v2\/media?parent=15311"}],"wp:term":[{"taxonomy":"product_brand","embeddable":true,"href":"https:\/\/retroland-burkhi.de\/en\/wp-json\/wp\/v2\/product_brand?post=15311"},{"taxonomy":"product_cat","embeddable":true,"href":"https:\/\/retroland-burkhi.de\/en\/wp-json\/wp\/v2\/product_cat?post=15311"},{"taxonomy":"product_tag","embeddable":true,"href":"https:\/\/retroland-burkhi.de\/en\/wp-json\/wp\/v2\/product_tag?post=15311"}],"curies":[{"name":"wp","href":"https:\/\/api.w.org\/{rel}","templated":true}]}}