{"id":15408,"date":"2025-10-06T18:33:23","date_gmt":"2025-10-06T16:33:23","guid":{"rendered":"https:\/\/retroland-burkhi.de\/?post_type=product&#038;p=15408"},"modified":"2026-02-08T16:00:03","modified_gmt":"2026-02-08T15:00:03","slug":"bremsbacken-handbremse-uaz-452-469-gaz-69-2-stueck","status":"publish","type":"product","link":"https:\/\/retroland-burkhi.de\/en\/product\/bremsbacken-handbremse-uaz-452-469-gaz-69-2-stueck\/","title":{"rendered":"Brake shoes handbrake UAZ 452, 469 Gaz 69 2 pieces"},"content":{"rendered":"<h2><span style=\"font-size: x-large;\"><i>Brake pads for the parking brake (handbrake).<\/i><\/span><\/h2>\n<h3><span style=\"color: #343434; font-family: Georgia; font-size: x-large;\"><i>UAZ 469, 452 Gaz 69<\/i><\/span><\/h3>\n<h3><span style=\"font-family: Georgia; font-size: x-large;\"><i>2 pieces<\/i><\/span><\/h3>","protected":false},"excerpt":{"rendered":"<p>Bremsbel\u00e4ge f\u00fcr die Feststellbremse (Handbremse). UAZ 469, 452 Gaz 69 2 St\u00fcck<\/p>","protected":false},"featured_media":15409,"comment_status":"open","ping_status":"closed","template":"","meta":[],"product_brand":[],"product_cat":[15,1893,305,310],"product_tag":[],"class_list":{"0":"post-15408","1":"product","2":"type-product","3":"status-publish","4":"has-post-thumbnail","6":"product_cat-uncategorized","7":"product_cat-bremsen-teile-uaz-469","8":"product_cat-gaz-69","9":"product_cat-uaz-469","10":"product_shipping_class-a","12":"first","13":"instock","14":"taxable","15":"shipping-taxable","16":"purchasable","17":"product-type-simple"},"_links":{"self":[{"href":"https:\/\/retroland-burkhi.de\/en\/wp-json\/wp\/v2\/product\/15408","targetHints":{"allow":["GET"]}}],"collection":[{"href":"https:\/\/retroland-burkhi.de\/en\/wp-json\/wp\/v2\/product"}],"about":[{"href":"https:\/\/retroland-burkhi.de\/en\/wp-json\/wp\/v2\/types\/product"}],"replies":[{"embeddable":true,"href":"https:\/\/retroland-burkhi.de\/en\/wp-json\/wp\/v2\/comments?post=15408"}],"wp:featuredmedia":[{"embeddable":true,"href":"https:\/\/retroland-burkhi.de\/en\/wp-json\/wp\/v2\/media\/15409"}],"wp:attachment":[{"href":"https:\/\/retroland-burkhi.de\/en\/wp-json\/wp\/v2\/media?parent=15408"}],"wp:term":[{"taxonomy":"product_brand","embeddable":true,"href":"https:\/\/retroland-burkhi.de\/en\/wp-json\/wp\/v2\/product_brand?post=15408"},{"taxonomy":"product_cat","embeddable":true,"href":"https:\/\/retroland-burkhi.de\/en\/wp-json\/wp\/v2\/product_cat?post=15408"},{"taxonomy":"product_tag","embeddable":true,"href":"https:\/\/retroland-burkhi.de\/en\/wp-json\/wp\/v2\/product_tag?post=15408"}],"curies":[{"name":"wp","href":"https:\/\/api.w.org\/{rel}","templated":true}]}}