{"id":15488,"date":"2025-10-16T17:38:41","date_gmt":"2025-10-16T15:38:41","guid":{"rendered":"https:\/\/retroland-burkhi.de\/?post_type=product&#038;p=15488"},"modified":"2025-10-16T17:38:41","modified_gmt":"2025-10-16T15:38:41","slug":"laengsstangen-lada-2101-2107-5-stueck-querstreben","status":"publish","type":"product","link":"https:\/\/retroland-burkhi.de\/en\/product\/laengsstangen-lada-2101-2107-5-stueck-querstreben\/","title":{"rendered":"L\u00e4ngsstangen Lada 2101- 2107 5 St\u00fcck Querstreben"},"content":{"rendered":"<h2>L\u00e4ngsstangen<\/h2>\n<h3>Lada 2101- 2107<\/h3>\n<h3>5 pieces<\/h3>","protected":false},"excerpt":{"rendered":"<p>L\u00e4ngsstangen Lada 2101- 2107 5 St\u00fcck<\/p>","protected":false},"featured_media":15489,"comment_status":"open","ping_status":"closed","template":"","meta":[],"product_brand":[],"product_cat":[314],"product_tag":[],"class_list":{"0":"post-15488","1":"product","2":"type-product","3":"status-publish","4":"has-post-thumbnail","6":"product_cat-lada","7":"product_shipping_class-b","9":"first","10":"instock","11":"taxable","12":"shipping-taxable","13":"purchasable","14":"product-type-simple"},"_links":{"self":[{"href":"https:\/\/retroland-burkhi.de\/en\/wp-json\/wp\/v2\/product\/15488","targetHints":{"allow":["GET"]}}],"collection":[{"href":"https:\/\/retroland-burkhi.de\/en\/wp-json\/wp\/v2\/product"}],"about":[{"href":"https:\/\/retroland-burkhi.de\/en\/wp-json\/wp\/v2\/types\/product"}],"replies":[{"embeddable":true,"href":"https:\/\/retroland-burkhi.de\/en\/wp-json\/wp\/v2\/comments?post=15488"}],"wp:featuredmedia":[{"embeddable":true,"href":"https:\/\/retroland-burkhi.de\/en\/wp-json\/wp\/v2\/media\/15489"}],"wp:attachment":[{"href":"https:\/\/retroland-burkhi.de\/en\/wp-json\/wp\/v2\/media?parent=15488"}],"wp:term":[{"taxonomy":"product_brand","embeddable":true,"href":"https:\/\/retroland-burkhi.de\/en\/wp-json\/wp\/v2\/product_brand?post=15488"},{"taxonomy":"product_cat","embeddable":true,"href":"https:\/\/retroland-burkhi.de\/en\/wp-json\/wp\/v2\/product_cat?post=15488"},{"taxonomy":"product_tag","embeddable":true,"href":"https:\/\/retroland-burkhi.de\/en\/wp-json\/wp\/v2\/product_tag?post=15488"}],"curies":[{"name":"wp","href":"https:\/\/api.w.org\/{rel}","templated":true}]}}