{"id":15676,"date":"2025-12-17T13:45:52","date_gmt":"2025-12-17T12:45:52","guid":{"rendered":"https:\/\/retroland-burkhi.de\/?post_type=product&#038;p=15676"},"modified":"2026-03-15T20:16:20","modified_gmt":"2026-03-15T19:16:20","slug":"oelwanne-oelablass-schrauben-mutter-wolga-gaz-uaz-2-stueck","status":"publish","type":"product","link":"https:\/\/retroland-burkhi.de\/en\/product\/oelwanne-oelablass-schrauben-mutter-wolga-gaz-uaz-2-stueck\/","title":{"rendered":"\u00d6lwanne \u00d6lablass Schrauben Mutter Wolga Gaz UAZ 2 St\u00fcck"},"content":{"rendered":"<div><span style=\"font-size: xx-large;\">\u00d6lwanne \/ Einf\u00fchl, Ablass- Schrauben\u00a0<\/span><\/div>\n<div><span style=\"font-size: xx-large;\">\u00a0<\/span><\/div>\n<div><span style=\"font-size: x-large;\">UAZ Volga Gaz\u00a0<\/span><\/div>\n<div><span style=\"font-size: x-large;\">\u00a0<\/span><\/div>\n<div><span style=\"font-size: x-large;\">2 pieces\u00a0<\/span><\/div>","protected":false},"excerpt":{"rendered":"<p>\u00d6lwanne \/ Einf\u00fchl, Ablass- Schrauben\u00a0 \u00a0 UAZ Wolga Gaz\u00a0 \u00a0 2 St\u00fcck\u00a0<\/p>","protected":false},"featured_media":15677,"comment_status":"open","ping_status":"closed","template":"","meta":[],"product_brand":[],"product_cat":[15,305,1883,1863,307,1877,1886,1855,1904,310,312,313],"product_tag":[],"class_list":{"0":"post-15676","1":"product","2":"type-product","3":"status-publish","4":"has-post-thumbnail","6":"product_cat-uncategorized","7":"product_cat-gaz-69","8":"product_cat-kuppling-antrieb-differential-getriebe-wolga-gaz-24","9":"product_cat-kuppling-antrieb-differential-getriebe","10":"product_cat-moskvich","11":"product_cat-motor-teile","12":"product_cat-motorteile-uaz-469","13":"product_cat-motorteile","14":"product_cat-schaltgetriebe-differential-antrieb-moskvich","15":"product_cat-uaz-469","16":"product_cat-wolga-gaz-24","17":"product_cat-wolga-gaz-m21","18":"product_shipping_class-a","20":"first","21":"outofstock","22":"taxable","23":"shipping-taxable","24":"purchasable","25":"product-type-simple"},"_links":{"self":[{"href":"https:\/\/retroland-burkhi.de\/en\/wp-json\/wp\/v2\/product\/15676","targetHints":{"allow":["GET"]}}],"collection":[{"href":"https:\/\/retroland-burkhi.de\/en\/wp-json\/wp\/v2\/product"}],"about":[{"href":"https:\/\/retroland-burkhi.de\/en\/wp-json\/wp\/v2\/types\/product"}],"replies":[{"embeddable":true,"href":"https:\/\/retroland-burkhi.de\/en\/wp-json\/wp\/v2\/comments?post=15676"}],"wp:featuredmedia":[{"embeddable":true,"href":"https:\/\/retroland-burkhi.de\/en\/wp-json\/wp\/v2\/media\/15677"}],"wp:attachment":[{"href":"https:\/\/retroland-burkhi.de\/en\/wp-json\/wp\/v2\/media?parent=15676"}],"wp:term":[{"taxonomy":"product_brand","embeddable":true,"href":"https:\/\/retroland-burkhi.de\/en\/wp-json\/wp\/v2\/product_brand?post=15676"},{"taxonomy":"product_cat","embeddable":true,"href":"https:\/\/retroland-burkhi.de\/en\/wp-json\/wp\/v2\/product_cat?post=15676"},{"taxonomy":"product_tag","embeddable":true,"href":"https:\/\/retroland-burkhi.de\/en\/wp-json\/wp\/v2\/product_tag?post=15676"}],"curies":[{"name":"wp","href":"https:\/\/api.w.org\/{rel}","templated":true}]}}