{"id":15794,"date":"2026-02-12T12:41:30","date_gmt":"2026-02-12T11:41:30","guid":{"rendered":"https:\/\/retroland-burkhi.de\/?post_type=product&#038;p=15794"},"modified":"2026-02-12T12:41:30","modified_gmt":"2026-02-12T11:41:30","slug":"kabelbaum-uaz-469-3151","status":"publish","type":"product","link":"https:\/\/retroland-burkhi.de\/en\/product\/kabelbaum-uaz-469-3151\/","title":{"rendered":"Kabelbaum UAZ 469, 3151"},"content":{"rendered":"<div>\n<p data-start=\"93\" data-end=\"160\"><strong data-start=\"93\" data-end=\"113\"><i><span style=\"font-size: x-large;\">Kabelbaum \u2013 Satz<\/span><\/i><\/strong><\/p>\n<p data-start=\"93\" data-end=\"160\"><strong><i><br data-start=\"113\" data-end=\"116\" \/><span style=\"font-size: large;\">geeignet f\u00fcr Fahrzeuge mit Warnblinkanlage<\/span><\/i><\/strong><\/p>\n<p data-start=\"162\" data-end=\"179\"><strong data-start=\"162\" data-end=\"179\"><i><span style=\"font-size: large;\">UAZ 469, 3151<\/span><\/i><\/strong><\/p>\n<p data-start=\"181\" data-end=\"358\"><strong><i><span style=\"font-size: large;\">Bitte beachten: Je nach Baujahr gibt es geringf\u00fcgige Unterschiede bei den Anschl\u00fcssen\u00a0<\/span><\/i><\/strong><\/p>\n<p data-start=\"181\" data-end=\"358\"><strong><i><span style=\"font-size: large;\">Daher k\u00f6nnen unter Umst\u00e4nden minimale Anpassungen erforderlich sein.<\/span><\/i><\/strong><\/p>\n<\/div>\n<div><\/div>","protected":false},"excerpt":{"rendered":"<p>Kabelbaum \u2013 Satz geeignet f\u00fcr Fahrzeuge mit Warnblinkanlage UAZ 469, 3151 Bitte beachten: Je nach Baujahr gibt es geringf\u00fcgige Unterschiede bei den Anschl\u00fcssen\u00a0 Daher k\u00f6nnen unter Umst\u00e4nden minimale Anpassungen erforderlich sein.<\/p>","protected":false},"featured_media":15795,"comment_status":"open","ping_status":"closed","template":"","meta":[],"product_brand":[],"product_cat":[15,1889,310],"product_tag":[],"class_list":{"0":"post-15794","1":"product","2":"type-product","3":"status-publish","4":"has-post-thumbnail","6":"product_cat-uncategorized","7":"product_cat-elektrik-uaz-469","8":"product_cat-uaz-469","9":"product_shipping_class-a","11":"first","12":"instock","13":"taxable","14":"shipping-taxable","15":"purchasable","16":"product-type-simple"},"_links":{"self":[{"href":"https:\/\/retroland-burkhi.de\/en\/wp-json\/wp\/v2\/product\/15794","targetHints":{"allow":["GET"]}}],"collection":[{"href":"https:\/\/retroland-burkhi.de\/en\/wp-json\/wp\/v2\/product"}],"about":[{"href":"https:\/\/retroland-burkhi.de\/en\/wp-json\/wp\/v2\/types\/product"}],"replies":[{"embeddable":true,"href":"https:\/\/retroland-burkhi.de\/en\/wp-json\/wp\/v2\/comments?post=15794"}],"wp:featuredmedia":[{"embeddable":true,"href":"https:\/\/retroland-burkhi.de\/en\/wp-json\/wp\/v2\/media\/15795"}],"wp:attachment":[{"href":"https:\/\/retroland-burkhi.de\/en\/wp-json\/wp\/v2\/media?parent=15794"}],"wp:term":[{"taxonomy":"product_brand","embeddable":true,"href":"https:\/\/retroland-burkhi.de\/en\/wp-json\/wp\/v2\/product_brand?post=15794"},{"taxonomy":"product_cat","embeddable":true,"href":"https:\/\/retroland-burkhi.de\/en\/wp-json\/wp\/v2\/product_cat?post=15794"},{"taxonomy":"product_tag","embeddable":true,"href":"https:\/\/retroland-burkhi.de\/en\/wp-json\/wp\/v2\/product_tag?post=15794"}],"curies":[{"name":"wp","href":"https:\/\/api.w.org\/{rel}","templated":true}]}}