{"id":7032,"date":"2024-06-14T12:03:42","date_gmt":"2024-06-14T10:03:42","guid":{"rendered":"https:\/\/retroland-burkhi.de\/product\/kommutator-steuergert-wolga-uaz-90-3734\/"},"modified":"2026-02-08T12:51:59","modified_gmt":"2026-02-08T11:51:59","slug":"kommutator-steuergert-wolga-uaz-90-3734","status":"publish","type":"product","link":"https:\/\/retroland-burkhi.de\/en\/product\/kommutator-steuergert-wolga-uaz-90-3734\/","title":{"rendered":"Commutator control unit Volga UAZ 90.3734"},"content":{"rendered":"<h3>Kommutator\/ Steuerger\u00e4t<\/h3>\n<h3>90.3734<\/h3>\n<h3>f\u00fcr elektronische Z\u00fcndung mit Z\u00fcndspule B-116<\/h3>\n<h3>Wolga Gaz 2410; UAZ 469, 452<\/h3>","protected":false},"excerpt":{"rendered":"<p>Item condition: New<\/p>","protected":false},"featured_media":7031,"comment_status":"closed","ping_status":"closed","template":"","meta":[],"product_brand":[],"product_cat":[15,1889,1881,310,312],"product_tag":[],"class_list":{"0":"post-7032","1":"product","2":"type-product","3":"status-publish","4":"has-post-thumbnail","6":"product_cat-uncategorized","7":"product_cat-elektrik-uaz-469","8":"product_cat-elektrik-wolga-gaz-24","9":"product_cat-uaz-469","10":"product_cat-wolga-gaz-24","11":"product_shipping_class-a","13":"first","14":"instock","15":"taxable","16":"shipping-taxable","17":"purchasable","18":"product-type-simple"},"_links":{"self":[{"href":"https:\/\/retroland-burkhi.de\/en\/wp-json\/wp\/v2\/product\/7032","targetHints":{"allow":["GET"]}}],"collection":[{"href":"https:\/\/retroland-burkhi.de\/en\/wp-json\/wp\/v2\/product"}],"about":[{"href":"https:\/\/retroland-burkhi.de\/en\/wp-json\/wp\/v2\/types\/product"}],"replies":[{"embeddable":true,"href":"https:\/\/retroland-burkhi.de\/en\/wp-json\/wp\/v2\/comments?post=7032"}],"wp:featuredmedia":[{"embeddable":true,"href":"https:\/\/retroland-burkhi.de\/en\/wp-json\/wp\/v2\/media\/7031"}],"wp:attachment":[{"href":"https:\/\/retroland-burkhi.de\/en\/wp-json\/wp\/v2\/media?parent=7032"}],"wp:term":[{"taxonomy":"product_brand","embeddable":true,"href":"https:\/\/retroland-burkhi.de\/en\/wp-json\/wp\/v2\/product_brand?post=7032"},{"taxonomy":"product_cat","embeddable":true,"href":"https:\/\/retroland-burkhi.de\/en\/wp-json\/wp\/v2\/product_cat?post=7032"},{"taxonomy":"product_tag","embeddable":true,"href":"https:\/\/retroland-burkhi.de\/en\/wp-json\/wp\/v2\/product_tag?post=7032"}],"curies":[{"name":"wp","href":"https:\/\/api.w.org\/{rel}","templated":true}]}}