{"id":8044,"date":"2024-06-14T12:27:31","date_gmt":"2024-06-14T10:27:31","guid":{"rendered":"https:\/\/retroland-burkhi.de\/product\/ausgleichsbehlter-grtel-gummi-lada-2101-2107\/"},"modified":"2025-10-05T22:36:51","modified_gmt":"2025-10-05T20:36:51","slug":"ausgleichsbehlter-grtel-gummi-lada-2101-2107","status":"publish","type":"product","link":"https:\/\/retroland-burkhi.de\/en\/product\/ausgleichsbehlter-grtel-gummi-lada-2101-2107\/","title":{"rendered":"Ausgleichsbeh\u00e4lter G\u00fcrtel Gummi Lada 2101- 2107"},"content":{"rendered":"<h2>Ausgleichsbeh\u00e4lter Gummi G\u00fcrtel<\/h2>\n<h3>Lada 2101- 2107<\/h3>","protected":false},"excerpt":{"rendered":"<p>Item condition: New<\/p>","protected":false},"featured_media":8038,"comment_status":"open","ping_status":"closed","template":"","meta":[],"product_brand":[],"product_cat":[15],"product_tag":[],"class_list":{"0":"post-8044","1":"product","2":"type-product","3":"status-publish","4":"has-post-thumbnail","6":"product_cat-uncategorized","7":"product_shipping_class-a","9":"first","10":"instock","11":"taxable","12":"shipping-taxable","13":"purchasable","14":"product-type-simple"},"_links":{"self":[{"href":"https:\/\/retroland-burkhi.de\/en\/wp-json\/wp\/v2\/product\/8044","targetHints":{"allow":["GET"]}}],"collection":[{"href":"https:\/\/retroland-burkhi.de\/en\/wp-json\/wp\/v2\/product"}],"about":[{"href":"https:\/\/retroland-burkhi.de\/en\/wp-json\/wp\/v2\/types\/product"}],"replies":[{"embeddable":true,"href":"https:\/\/retroland-burkhi.de\/en\/wp-json\/wp\/v2\/comments?post=8044"}],"wp:featuredmedia":[{"embeddable":true,"href":"https:\/\/retroland-burkhi.de\/en\/wp-json\/wp\/v2\/media\/8038"}],"wp:attachment":[{"href":"https:\/\/retroland-burkhi.de\/en\/wp-json\/wp\/v2\/media?parent=8044"}],"wp:term":[{"taxonomy":"product_brand","embeddable":true,"href":"https:\/\/retroland-burkhi.de\/en\/wp-json\/wp\/v2\/product_brand?post=8044"},{"taxonomy":"product_cat","embeddable":true,"href":"https:\/\/retroland-burkhi.de\/en\/wp-json\/wp\/v2\/product_cat?post=8044"},{"taxonomy":"product_tag","embeddable":true,"href":"https:\/\/retroland-burkhi.de\/en\/wp-json\/wp\/v2\/product_tag?post=8044"}],"curies":[{"name":"wp","href":"https:\/\/api.w.org\/{rel}","templated":true}]}}