{"id":8764,"date":"2024-06-14T12:45:52","date_gmt":"2024-06-14T10:45:52","guid":{"rendered":"https:\/\/retroland-burkhi.de\/product\/bremsflssigkeit-behlter-lada-2101-2107-niva-21011-3505102\/"},"modified":"2025-10-05T22:13:07","modified_gmt":"2025-10-05T20:13:07","slug":"bremsflssigkeit-behlter-lada-2101-2107-niva-21011-3505102","status":"publish","type":"product","link":"https:\/\/retroland-burkhi.de\/en\/product\/bremsflssigkeit-behlter-lada-2101-2107-niva-21011-3505102\/","title":{"rendered":"Bremsfl\u00fcssigkeit Beh\u00e4lter Lada 2101- 2107 Niva 21011- 3505102"},"content":{"rendered":"<h2>Bremsfl\u00fcssigkeit- Beh\u00e4lter<\/h2>\n<h3>Lada 2101- 2107 NIVA 2121<\/h3>\n<h3>Katalognummer:\u00a0 21011- 3505102<\/h3>","protected":false},"excerpt":{"rendered":"<p>Item condition: New<\/p>","protected":false},"featured_media":8763,"comment_status":"closed","ping_status":"closed","template":"","meta":[],"product_brand":[],"product_cat":[15,314],"product_tag":[],"class_list":{"0":"post-8764","1":"product","2":"type-product","3":"status-publish","4":"has-post-thumbnail","6":"product_cat-uncategorized","7":"product_cat-lada","8":"product_shipping_class-a","10":"first","11":"instock","12":"taxable","13":"shipping-taxable","14":"purchasable","15":"product-type-simple"},"_links":{"self":[{"href":"https:\/\/retroland-burkhi.de\/en\/wp-json\/wp\/v2\/product\/8764","targetHints":{"allow":["GET"]}}],"collection":[{"href":"https:\/\/retroland-burkhi.de\/en\/wp-json\/wp\/v2\/product"}],"about":[{"href":"https:\/\/retroland-burkhi.de\/en\/wp-json\/wp\/v2\/types\/product"}],"replies":[{"embeddable":true,"href":"https:\/\/retroland-burkhi.de\/en\/wp-json\/wp\/v2\/comments?post=8764"}],"wp:featuredmedia":[{"embeddable":true,"href":"https:\/\/retroland-burkhi.de\/en\/wp-json\/wp\/v2\/media\/8763"}],"wp:attachment":[{"href":"https:\/\/retroland-burkhi.de\/en\/wp-json\/wp\/v2\/media?parent=8764"}],"wp:term":[{"taxonomy":"product_brand","embeddable":true,"href":"https:\/\/retroland-burkhi.de\/en\/wp-json\/wp\/v2\/product_brand?post=8764"},{"taxonomy":"product_cat","embeddable":true,"href":"https:\/\/retroland-burkhi.de\/en\/wp-json\/wp\/v2\/product_cat?post=8764"},{"taxonomy":"product_tag","embeddable":true,"href":"https:\/\/retroland-burkhi.de\/en\/wp-json\/wp\/v2\/product_tag?post=8764"}],"curies":[{"name":"wp","href":"https:\/\/api.w.org\/{rel}","templated":true}]}}