{"id":9791,"date":"2024-06-14T13:13:47","date_gmt":"2024-06-14T11:13:47","guid":{"rendered":"https:\/\/retroland-burkhi.de\/product\/hint-stodmpfer-schraube-m12125140-2-stck-lada-2101-2107\/"},"modified":"2025-10-05T22:01:21","modified_gmt":"2025-10-05T20:01:21","slug":"hint-stodmpfer-schraube-m12125140-2-stck-lada-2101-2107","status":"publish","type":"product","link":"https:\/\/retroland-burkhi.de\/en\/product\/hint-stodmpfer-schraube-m12125140-2-stck-lada-2101-2107\/","title":{"rendered":"rear. Shock absorber bolt M12*1.25*140\/ 2 pieces Lada 2101-2107"},"content":{"rendered":"<h2>Schraube f\u00fcr hintere Sto\u00dfd\u00e4mpfer<\/h2>\n<h3>M12*1,25*140<\/h3>\n<h3>2 pieces<\/h3>\n<h3>Lada 2101- 2107<\/h3>","protected":false},"excerpt":{"rendered":"<p>Item condition: New<\/p>","protected":false},"featured_media":9790,"comment_status":"closed","ping_status":"closed","template":"","meta":[],"product_brand":[],"product_cat":[15,314],"product_tag":[],"class_list":{"0":"post-9791","1":"product","2":"type-product","3":"status-publish","4":"has-post-thumbnail","6":"product_cat-uncategorized","7":"product_cat-lada","8":"product_shipping_class-a","10":"first","11":"instock","12":"taxable","13":"shipping-taxable","14":"purchasable","15":"product-type-simple"},"_links":{"self":[{"href":"https:\/\/retroland-burkhi.de\/en\/wp-json\/wp\/v2\/product\/9791","targetHints":{"allow":["GET"]}}],"collection":[{"href":"https:\/\/retroland-burkhi.de\/en\/wp-json\/wp\/v2\/product"}],"about":[{"href":"https:\/\/retroland-burkhi.de\/en\/wp-json\/wp\/v2\/types\/product"}],"replies":[{"embeddable":true,"href":"https:\/\/retroland-burkhi.de\/en\/wp-json\/wp\/v2\/comments?post=9791"}],"wp:featuredmedia":[{"embeddable":true,"href":"https:\/\/retroland-burkhi.de\/en\/wp-json\/wp\/v2\/media\/9790"}],"wp:attachment":[{"href":"https:\/\/retroland-burkhi.de\/en\/wp-json\/wp\/v2\/media?parent=9791"}],"wp:term":[{"taxonomy":"product_brand","embeddable":true,"href":"https:\/\/retroland-burkhi.de\/en\/wp-json\/wp\/v2\/product_brand?post=9791"},{"taxonomy":"product_cat","embeddable":true,"href":"https:\/\/retroland-burkhi.de\/en\/wp-json\/wp\/v2\/product_cat?post=9791"},{"taxonomy":"product_tag","embeddable":true,"href":"https:\/\/retroland-burkhi.de\/en\/wp-json\/wp\/v2\/product_tag?post=9791"}],"curies":[{"name":"wp","href":"https:\/\/api.w.org\/{rel}","templated":true}]}}